{"id":5,"date":"2020-05-12T16:32:34","date_gmt":"2020-05-12T14:32:34","guid":{"rendered":"http:\/\/www.ra-voelkl.at\/?page_id=5"},"modified":"2023-11-07T11:54:20","modified_gmt":"2023-11-07T10:54:20","slug":"startseite","status":"publish","type":"page","link":"https:\/\/www.ra-voelkl.at\/en\/","title":{"rendered":"Startseite"},"content":{"rendered":"<p>[et_pb_section fb_built=&#8220;1&#8243; fullwidth=&#8220;on&#8220; _builder_version=&#8220;4.4.6&#8243;][et_pb_fullwidth_code _builder_version=&#8220;4.4.6&#8243;]<\/p>\n<div id=\"voelkl-header\"><!-- [et_pb_line_break_holder] -->  <img id=\"voelkl-header-logo\" src=\"http:\/\/www.ra-voelkl.at\/wp-content\/uploads\/2020\/05\/1095x325_300dpi-POS.png\"><!-- [et_pb_line_break_holder] --><\/div>\n<p><!-- [et_pb_line_break_holder] -->     [\/et_pb_fullwidth_code][\/et_pb_section][et_pb_section fb_built=&#8220;1&#8243; _builder_version=&#8220;4.4.6&#8243;][et_pb_row column_structure=&#8220;1_2,1_2&#8243; _builder_version=&#8220;4.4.6&#8243;][et_pb_column type=&#8220;1_2&#8243; _builder_version=&#8220;4.4.6&#8243;][et_pb_text _builder_version=&#8220;4.4.6&#8243;]<\/p>\n<p style=\"line-height: 28px; padding-left: 20px;\">Nussdorferstra\u00dfe 10-12, 1090 Vienna<br \/><a href=\"tel:004313177101\">Tel: +43 1 317 71 01<\/a><br \/><a href=\"tel:004313171258\">Tel: +43 1 317 12 58<\/a><br \/>Fax: +43 1 317 12 58 14<br \/><a href=\"mailto:office@ra-voelkl.at\">E-Mail: office@ra-voelkl.at<\/a><\/p>\n<p>[\/et_pb_text][\/et_pb_column][et_pb_column type=&#8220;1_2&#8243; _builder_version=&#8220;4.4.6&#8243;][et_pb_text _builder_version=&#8220;4.4.6&#8243;]<\/p>\n<p style=\"line-height: 28px; padding-left: 20px;\"><a href=\"#impressum\">Legal Notice<\/a><br \/>\n<a href=\"#kontakt\">Contact<\/a><\/p>\n<p>[\/et_pb_text][\/et_pb_column][\/et_pb_row][\/et_pb_section][et_pb_section fb_built=&#8220;1&#8243; module_id=&#8220;kanzlei&#8220; _builder_version=&#8220;4.4.6&#8243;][et_pb_row _builder_version=&#8220;4.4.6&#8243;][et_pb_column type=&#8220;4_4&#8243; _builder_version=&#8220;4.4.6&#8243;][et_pb_text _builder_version=&#8220;4.4.6&#8243;]<\/p>\n<h2>Office<\/h2>\n<hr class=\"hr-orange\" \/>\n<p style=\"line-height: 30px; padding-left: 20px;\">Attorneys since 1933.<br \/>We place particular importance on understanding your interests and needs.\u00a0<br \/>We believe that the strategy plays a crucial role in the successful resolution of conflicts.<br \/>We advise you on individual solutions.<br \/>We support you out of court and negotiate contracts.<br \/>We uphold your interests in the event of a dispute.<br \/>In our areas of specialization, we rank among the leaders in Austria.<\/p>\n<p>[\/et_pb_text][\/et_pb_column][\/et_pb_row][\/et_pb_section][et_pb_section fb_built=&#8220;1&#8243; fullwidth=&#8220;on&#8220; module_class=&#8220;divider-border-orange&#8220; _builder_version=&#8220;4.4.6&#8243; background_enable_color=&#8220;off&#8220;][et_pb_fullwidth_code _builder_version=&#8220;4.4.6&#8243;]<\/p>\n<p class=\"voelkl-divider\"><!-- [et_pb_line_break_holder] -->  We would be glad to develop a part of your future together with you.<!-- [et_pb_line_break_holder] --><\/p>\n<p>[\/et_pb_fullwidth_code][\/et_pb_section][et_pb_section fb_built=&#8220;1&#8243; module_id=&#8220;kompetenzen&#8220; _builder_version=&#8220;4.4.6&#8243;][et_pb_row _builder_version=&#8220;4.4.6&#8243;][et_pb_column type=&#8220;4_4&#8243; _builder_version=&#8220;4.4.6&#8243;][et_pb_text _builder_version=&#8220;4.4.6&#8243;]<\/p>\n<h2>Expertise<\/h2>\n<hr class=\"hr-blue\" \/>\n<ul style=\"padding-left: 20px;\">\n<li>Pharmacy law as well as matters where it meets adjoining legal fields<\/li>\n<li>Insurance contract and Insurance Supervisory Law<\/li>\n<li>Professional Law and Consultant Liability<\/li>\n<li>Liability Matters\/Liability Prevention<\/li>\n<li>Housing and Tenancy Law<\/li>\n<li>Property Transactions<\/li>\n<li>Receivables Management\/Debt Collection<\/li>\n<\/ul>\n<p>[\/et_pb_text][\/et_pb_column][\/et_pb_row][\/et_pb_section][et_pb_section fb_built=&#8220;1&#8243; fullwidth=&#8220;on&#8220; module_class=&#8220;divider-border-blue&#8220; _builder_version=&#8220;4.4.6&#8243;][et_pb_fullwidth_code _builder_version=&#8220;4.4.6&#8243;]<\/p>\n<p class=\"voelkl-divider\"><!-- [et_pb_line_break_holder] -->  We advise you on individual solutions.<!-- [et_pb_line_break_holder] --><\/p>\n<p>[\/et_pb_fullwidth_code][\/et_pb_section][et_pb_section fb_built=&#8220;1&#8243; _builder_version=&#8220;4.4.6&#8243;][et_pb_row module_id=&#8220;team&#8220; _builder_version=&#8220;4.4.6&#8243; background_color=&#8220;rgba(0,0,0,0)&#8220;][et_pb_column type=&#8220;4_4&#8243; _builder_version=&#8220;4.4.6&#8243;][et_pb_text _builder_version=&#8220;4.4.6&#8243;]<\/p>\n<h2>Team<\/h2>\n<hr class=\"hr-red\">[\/et_pb_text][\/et_pb_column][\/et_pb_row][et_pb_row column_structure=&#8220;1_2,1_2&#8243; _builder_version=&#8220;4.4.6&#8243; background_color=&#8220;#f0f0f0&#8243; custom_padding=&#8220;30px|30px|30px|30px|true|true&#8220;][et_pb_column type=&#8220;1_2&#8243; _builder_version=&#8220;4.4.6&#8243;][et_pb_divider show_divider=&#8220;off&#8220; disabled_on=&#8220;on|off|off&#8220; _builder_version=&#8220;4.4.6&#8243; height=&#8220;100px&#8220;][\/et_pb_divider][et_pb_text _builder_version=&#8220;4.4.6&#8243; background_color=&#8220;rgba(0,0,0,0)&#8220; custom_padding=&#8220;||||false|false&#8220;]<\/p>\n<h3>Prof. Dr. Wolfgang V\u00f6lkl<\/h3>\n<hr class=\"hr-red\" \/>\n<p style=\"padding-left: 10px;\">Attorney since 1977. Studied in Vienna. Member of the Vienna Bar Association Committee for nearly three decades and worked in that capacity as Financial Counsellor, Insurance Consultant and Manager of the Emergency Fund.<\/p>\n<p style=\"padding-left: 10px;\">In 2007 the professional title \u201cProfessor\u201d was conferred on him by the federal president.<\/p>\n<p style=\"padding-left: 10px;\">Independent consultant, seminar lecturer and author in the fields of pharmacy law, pecuniary damage liability insurance and professional liability of the business consultancy professions.<\/p>\n<p>[\/et_pb_text][\/et_pb_column][et_pb_column type=&#8220;1_2&#8243; _builder_version=&#8220;4.4.6&#8243;][et_pb_image src=&#8220;http:\/\/www.ra-voelkl.at\/wp-content\/uploads\/2020\/05\/Voelkl-Rechtsanwalt-Prof-Dr-Wolfgang-Voelkl.jpg&#8220; title_text=&#8220;Voelkl-Rechtsanwalt-Prof-Dr-Wolfgang-Voelkl&#8220; _builder_version=&#8220;4.4.6&#8243;][\/et_pb_image][et_pb_text _builder_version=&#8220;4.4.6&#8243;]<\/p>\n<h4>Expertise<\/h4>\n<ul>\n<li>Pharmacy Law & Life Science<\/li>\n<li>Contract Law<\/li>\n<li>Company Law<\/li>\n<li>Insurance Law<\/li>\n<li>Real Estate Law<\/li>\n<li>Legacy Law<\/li>\n<li>Administrative & Constitutional Law<\/li>\n<li>Professional Law\n<\/ul>\n<p>[\/et_pb_text][\/et_pb_column][\/et_pb_row][et_pb_row _builder_version=&#8220;4.4.6&#8243;][et_pb_column type=&#8220;4_4&#8243; _builder_version=&#8220;4.4.6&#8243;][et_pb_divider show_divider=&#8220;off&#8220; _builder_version=&#8220;4.4.6&#8243; height=&#8220;50px&#8220;][\/et_pb_divider][\/et_pb_column][\/et_pb_row][et_pb_row column_structure=&#8220;1_2,1_2&#8243; _builder_version=&#8220;4.4.6&#8243; background_color=&#8220;#f0f0f0&#8243; custom_padding=&#8220;30px|30px|30px|30px|false|false&#8220;][et_pb_column type=&#8220;1_2&#8243; _builder_version=&#8220;4.4.6&#8243;][et_pb_divider show_divider=&#8220;off&#8220; disabled_on=&#8220;on|off|off&#8220; _builder_version=&#8220;4.4.6&#8243; height=&#8220;100px&#8220;][\/et_pb_divider][et_pb_text _builder_version=&#8220;4.4.6&#8243; custom_padding=&#8220;||||false|false&#8220;]<\/p>\n<h3>Dr. Evelyn V\u00f6lkl<\/h3>\n<hr class=\"hr-red\" \/>\n<p style=\"padding-left: 10px;\">Has been working in the office since 1981. Studied in Vienna, completed her training as a judge in Vienna and Lower Austria, passed the judge\u2019s examination in 1978 and worked as a judge in Vienna.<\/p>\n<p style=\"padding-left: 10px;\">Author of numerous expert papers together with Wolfgang V\u00f6lkl, especially in the field of professional liability law.<\/p>\n<p>[\/et_pb_text][\/et_pb_column][et_pb_column type=&#8220;1_2&#8243; _builder_version=&#8220;4.4.6&#8243;][et_pb_image src=&#8220;http:\/\/www.ra-voelkl.at\/wp-content\/uploads\/2020\/05\/Voelkl-Rechtsanwalt-Dr-Evelyn-Voelkl-1.jpg&#8220; title_text=&#8220;Voelkl-Rechtsanwalt-Dr-Evelyn-Voelkl&#8220; _builder_version=&#8220;4.4.6&#8243;][\/et_pb_image][et_pb_text _builder_version=&#8220;4.4.6&#8243;]<\/p>\n<h4>Expertise<\/h4>\n<ul>\n<li>Insurance Law<\/li>\n<li>Housing and Tenancy Law<\/li>\n<li>Professional Law<\/li>\n<li>Receivables Management<\/li>\n<\/ul>\n<p>[\/et_pb_text][\/et_pb_column][\/et_pb_row][\/et_pb_section][et_pb_section fb_built=&#8220;1&#8243; _builder_version=&#8220;4.4.6&#8243; custom_margin=&#8220;||-76px|||&#8220;][et_pb_row _builder_version=&#8220;4.4.6&#8243;][et_pb_column type=&#8220;4_4&#8243; _builder_version=&#8220;4.4.6&#8243;][et_pb_text _builder_version=&#8220;4.4.6&#8243;]<\/p>\n<p><span><\/span><\/p>\n<p><span>Unser Backoffice betreuen langj\u00e4hrig erfahrene, kompetente Assistentinnen:\u00a0<strong><a href=\"mailto:office@ra-voelkl.at\" target=\"_blank\" rel=\"noopener\">office@ra-voelkl.at<\/a><\/strong><\/span><\/p>\n<p>[\/et_pb_text][\/et_pb_column][\/et_pb_row][\/et_pb_section][et_pb_section fb_built=&#8220;1&#8243; _builder_version=&#8220;4.4.6&#8243;][et_pb_row _builder_version=&#8220;4.4.6&#8243;][et_pb_column type=&#8220;4_4&#8243; _builder_version=&#8220;4.4.6&#8243;][et_pb_text _builder_version=&#8220;4.4.6&#8243;]<\/p>\n<h2 style=\"text-transform: none;\">In cooperation<\/h2>\n<h4 style=\"padding-left: 20px;\">V\u00f6lkl Rechtsanw\u00e4lte GmbH\u00a0<\/h4>\n<hr class=\"hr-red\" \/>[\/et_pb_text][\/et_pb_column][\/et_pb_row][et_pb_row column_structure=&#8220;1_4,1_4,1_4,1_4&#8243; _builder_version=&#8220;4.4.6&#8243;][et_pb_column type=&#8220;1_4&#8243; _builder_version=&#8220;4.4.6&#8243;][et_pb_image src=&#8220;http:\/\/www.ra-voelkl.at\/wp-content\/uploads\/2020\/05\/Voelkl-Rechtsanwaelte-Dr-Clemens-Voelkl.jpg&#8220; title_text=&#8220;Voelkl-Rechtsanwaelte-Dr-Clemens-Voelkl&#8220; _builder_version=&#8220;4.4.6&#8243; max_width=&#8220;135px&#8220; custom_css_main_element=&#8220;margin-left: auto !important;&#8220;][\/et_pb_image][et_pb_text _builder_version=&#8220;4.4.6&#8243;]<\/p>\n<p style=\"font-size: 14px; text-align: center;\">Dr. Clemens V\u00f6lkl, RA<\/p>\n<p>[\/et_pb_text][\/et_pb_column][et_pb_column type=&#8220;1_4&#8243; _builder_version=&#8220;4.4.6&#8243;][\/et_pb_column][et_pb_column type=&#8220;1_4&#8243; _builder_version=&#8220;4.4.6&#8243;][et_pb_image src=&#8220;http:\/\/www.ra-voelkl.at\/wp-content\/uploads\/2020\/05\/Voelkl-Rechtsanwaelte-Philipp-Frenzl.jpg&#8220; title_text=&#8220;Voelkl-Rechtsanwaelte-Philipp-Frenzl&#8220; _builder_version=&#8220;4.4.6&#8243; max_width=&#8220;135px&#8220; custom_css_main_element=&#8220;margin-left: auto !important;&#8220;][\/et_pb_image][et_pb_text _builder_version=&#8220;4.4.6&#8243;]<\/p>\n<p style=\"font-size: 14px; text-align: center;\">Mag. Philipp Frenzl, RA<\/p>\n<p>[\/et_pb_text][\/et_pb_column][et_pb_column type=&#8220;1_4&#8243; _builder_version=&#8220;4.4.6&#8243;][\/et_pb_column][\/et_pb_row][\/et_pb_section][et_pb_section fb_built=&#8220;1&#8243; fullwidth=&#8220;on&#8220; module_class=&#8220;divider-border-red&#8220; _builder_version=&#8220;4.4.6&#8243;][et_pb_fullwidth_code _builder_version=&#8220;4.4.6&#8243;]<\/p>\n<p class=\"voelkl-divider\"><!-- [et_pb_line_break_holder] -->  We believe that the strategy plays a crucial role in the successful resolution of conflicts.<!-- [et_pb_line_break_holder] --><\/p>\n<p>[\/et_pb_fullwidth_code][\/et_pb_section][et_pb_section fb_built=&#8220;1&#8243; module_id=&#8220;publikationen&#8220; _builder_version=&#8220;4.4.6&#8243;][et_pb_row _builder_version=&#8220;4.4.6&#8243;][et_pb_column type=&#8220;4_4&#8243; _builder_version=&#8220;4.4.6&#8243;][et_pb_text _builder_version=&#8220;4.4.6&#8243;]<\/p>\n<h2>Publications<\/h2>\n<hr class=\"hr-magenta\" \/>[\/et_pb_text][\/et_pb_column][\/et_pb_row][et_pb_row column_structure=&#8220;1_2,1_2&#8243; _builder_version=&#8220;4.4.6&#8243; custom_css_main_element=&#8220;padding-left: 20px;&#8220;][et_pb_column type=&#8220;1_2&#8243; _builder_version=&#8220;4.4.6&#8243;][et_pb_text module_class=&#8220;pub&#8220; _builder_version=&#8220;4.4.6&#8243; custom_css_main_element=&#8220;line-height: 0px;&#8220;]<\/p>\n<p><strong>Friedrich Fenzl\/ Wolfgang V\u00f6lkl\/ Evelyn V\u00f6lkl<br \/><\/strong>Die Haftung der rechtsberatenden Berufe im Spiegel der Rechtsprechung, \u00d6JZ 1983, 260; \u00d6JZ 1986, 394 und \u00d6JZ 1989, 513.<\/p>\n<p><strong>Evelyn V\u00f6lkl\/Wolfgang V\u00f6lkl<\/strong><br \/>Die Haftung der rechtsberatenden Berufe im Spiegel der Rechtsprechung, \u00d6JZ 1991, 617.<\/p>\n<p><strong>Wolfgang V\u00f6lkl<\/strong><br \/>Der Umfang des Versicherungsschutzes nach den allgemeinen Versicherungsbedingungen zur Haftpflichtversicherung f\u00fcr Verm\u00f6genssch\u00e4den (AVBV), AnwBl 1995, 166.<\/p>\n<p><strong>Franz Brandl\/Wolfgang V\u00f6lkl<\/strong><br \/>Versichern beruhigt?! AnwBl 1998, 88.<\/p>\n<p><strong>Evelyn V\u00f6lkl\/Wolfgang V\u00f6lkl<br \/><\/strong>Die Haftung der rechtsberatenden Berufe im Spiegel der Rechtsprechung 1991 \u2013 1996; Teil I und II, \u00d6JZ 1998, 856 und 906.<\/p>\n<p><strong>Evelyn V\u00f6lkl\/Wolfgang V\u00f6lkl<\/strong><br \/>Die Haftung der rechtsberatenden Berufe im Spiegel der Rechtsprechung 1997 \u2013 2000, \u00d6JZ 2002, 1.<\/p>\n<p><strong>Evelyn V\u00f6lkl\/Wolfgang V\u00f6lkl<\/strong><br \/>Die Haftung der rechtsberatenden Berufe im Spiegel der Rechtsprechung 2001 \u2013 2004, \u00d6JZ 2006\/18.<\/p>\n<p><strong>Evelyn V\u00f6lkl\/Wolfgang V\u00f6lkl<\/strong><br \/>Judikatur des OGH zur Haftung von Maklern, immolex 2006, 11.<\/p>\n<p><strong>Evelyn V\u00f6lkl\/Wolfgang V\u00f6lkl<\/strong><br \/>Die Haftung der rechtsberatenden Berufe im Spiegel der Rechtsprechung 2005 \u2013 2007, \u00d6JZ 2008\/42.<\/p>\n<p><strong>Evelyn V\u00f6lkl\/Wolfgang V\u00f6lkl<\/strong><br \/>Die Rechtsprechung zu den Bedingungen der Haftpflichtversicherung von Verm\u00f6genssch\u00e4den f\u00fcr die rechtsberatenden Berufe (Rechtsanw\u00e4lte, Notare, Wirtschaftstreuh\u00e4nder), \u00d6JZ 2008\/6.<\/p>\n<p><strong>Evelyn V\u00f6lkl\/Wolfgang V\u00f6lkl<\/strong><br \/>Haftung der Wirtschaftstreuh\u00e4nder und Steuerberater, \u00d6JZ 2009\/17.<\/p>\n<p>[\/et_pb_text][\/et_pb_column][et_pb_column type=&#8220;1_2&#8243; _builder_version=&#8220;4.4.6&#8243;][et_pb_text module_class=&#8220;pub&#8220; _builder_version=&#8220;4.4.6&#8243;]<\/p>\n<p><strong>Wolfgang V\u00f6lkl, Ad B. Jud<\/strong><br \/>Rechtsberatung durch Wirtschaftstreuh\u00e4nder und m\u00f6gliche Haftungsfolgen, AnwBl 2008, 433, AnwBl 2009, 27.<\/p>\n<p><strong>Evelyn V\u00f6lkl\/Wolfgang V\u00f6lkl<\/strong><br \/>Die Haftung der rechtsberatenden Berufe im Spiegel der Rechtsprechung, \u00d6JZ 2012\/107.<\/p>\n<p><strong>Wolfgang V\u00f6lkl\/Clemens V\u00f6lkl<\/strong><br \/>Beraterhaftung (2. Auflage, Manz 2014) XXIII und 472 Seiten.<\/p>\n<p><strong>Evelyn V\u00f6lkl\/Wolfgang V\u00f6lkl<\/strong><br \/>Die Haftung der rechtsberatenden Berufe im Spiegel der Rechtsprechung, Teil I und II, \u00d6JZ 2015\/83 und 98.<\/p>\n<p><strong>Evelyn V\u00f6lkl\/Wolfgang V\u00f6lkl<\/strong><br \/>Die Haftung der rechtsberatenden Berufe im Spiegel der Rechtsprechung, Teil I und II, \u00d6JZ 2017\/2 und 30.<\/p>\n<p><strong>Evelyn V\u00f6lkl\/Wolfgang V\u00f6lkl<\/strong><br \/>Die Haftung der rechtsberatenden Berufe im Spiegel der Rechtsprechung Teil I und II, \u00d6JZ 2018\/71 und 82.<\/p>\n<p><strong>Wolfgang V\u00f6lkl<\/strong><br \/>Antrag um Erteilung der Konzession zur Errichtung einer \u00f6ffentlichen Apotheke, \u00d6AZ 20, 24\/2010, 2\/2011.<\/p>\n<p><strong>Wolfgang V\u00f6lkl<\/strong><br \/>Einspruch gegen Antrag um Konzessionserteilung, \u00d6AZ 6, 10\/2011 .<\/p>\n<p><strong>Wolfgang V\u00f6lkl<\/strong><br \/>Der Rechtsanwalt und sein Honorar, \u00d6AZ 18\/2012.<\/p>\n<p><strong>Wolfgang V\u00f6lkl<\/strong><br \/>\u00dcbertragung von Apothekenunternehmen, \u00d6AZ 16\/2013.<\/p>\n<p><strong>Wolfgang V\u00f6lkl<\/strong><br \/>Nicht ohne meinen Partner \u2013 oder doch?, \u00d6AZ13\/2015.<\/p>\n<p><strong>Wolfgang V\u00f6lkl<\/strong><br \/>Einfluter &amp; Bedarfserhebungen, \u00d6AZ 17\/2015.<\/p>\n<p><strong>Evelyn V\u00f6lkl<\/strong><br \/>Neuerungen im Erbrecht, \u00d6AZ 9\/2016.<\/p>\n<p>[\/et_pb_text][\/et_pb_column][\/et_pb_row][\/et_pb_section][et_pb_section fb_built=&#8220;1&#8243; fullwidth=&#8220;on&#8220; module_class=&#8220;divider-border-magenta&#8220; _builder_version=&#8220;4.4.6&#8243;][et_pb_fullwidth_code _builder_version=&#8220;4.4.6&#8243;]<\/p>\n<p class=\"voelkl-divider\"><!-- [et_pb_line_break_holder] -->  We place particular importance on understanding your interests and needs.<!-- [et_pb_line_break_holder] --><\/p>\n<p>[\/et_pb_fullwidth_code][\/et_pb_section][et_pb_section fb_built=&#8220;1&#8243; module_id=&#8220;kontakt&#8220; _builder_version=&#8220;4.4.6&#8243;][et_pb_row _builder_version=&#8220;4.4.6&#8243;][et_pb_column type=&#8220;4_4&#8243; _builder_version=&#8220;4.4.6&#8243;][et_pb_text _builder_version=&#8220;4.4.6&#8243;]<\/p>\n<h2>Contact<\/h2>\n<hr class=\"hr-red\" \/>[\/et_pb_text][\/et_pb_column][\/et_pb_row][et_pb_row column_structure=&#8220;1_3,1_3,1_3&#8243; _builder_version=&#8220;4.4.6&#8243; custom_padding=&#8220;|||20px|false|false&#8220;][et_pb_column type=&#8220;1_3&#8243; _builder_version=&#8220;4.4.6&#8243;][et_pb_text _builder_version=&#8220;4.4.6&#8243;]<\/p>\n<p style=\"line-height: 26px\">Attorney at law<br \/>Prof. Dr. Wolfgang V\u00f6lkl<br \/>Nussdorferstra\u00dfe 10-12<br \/>1090 Vienna<\/p>\n<p>[\/et_pb_text][\/et_pb_column][et_pb_column type=&#8220;1_3&#8243; _builder_version=&#8220;4.4.6&#8243;][et_pb_text _builder_version=&#8220;4.4.6&#8243;]<\/p>\n<p style=\"line-height: 26px\"><a href=\"tel:004313177103\">Tel: +43 1 317 71 01<\/a><br \/><a href=\"tel:004313171258\">Tel: +43 1 317 12 58<\/a><\/p>\n<p>[\/et_pb_text][\/et_pb_column][et_pb_column type=&#8220;1_3&#8243; _builder_version=&#8220;4.4.6&#8243;][et_pb_text _builder_version=&#8220;4.4.6&#8243;]<\/p>\n<p style=\"line-height: 26px\">Fax: +43 1 317 12 58 14<br \/><a href=\"mailto:office@ra-voelkl.at\">E-Mail: office@ra-voelkl.at<\/a><\/p>\n<p>[\/et_pb_text][\/et_pb_column][\/et_pb_row][et_pb_row _builder_version=&#8220;4.4.6&#8243;][et_pb_column type=&#8220;4_4&#8243; _builder_version=&#8220;4.4.6&#8243;][et_pb_map address=&#8220;Nu\u00dfdorfer Str. 10, 1090 Wien, \u00d6sterreich&#8220; address_lat=&#8220;48.223968&#8243; address_lng=&#8220;16.3541409&#8243; _builder_version=&#8220;4.4.6&#8243;][et_pb_map_pin pin_address=&#8220;Nu\u00dfdorfer Str. 10, 1090 Wien, \u00d6sterreich&#8220; zoom_level=&#8220;17&#8243; pin_address_lat=&#8220;48.223968&#8243; pin_address_lng=&#8220;16.3541409&#8243; _builder_version=&#8220;4.4.6&#8243;][\/et_pb_map_pin][\/et_pb_map][\/et_pb_column][\/et_pb_row][\/et_pb_section][et_pb_section fb_built=&#8220;1&#8243; module_id=&#8220;impressum&#8220; module_class=&#8220;divider-border-red&#8220; _builder_version=&#8220;4.4.6&#8243;][et_pb_row _builder_version=&#8220;4.4.6&#8243; custom_css_main_element=&#8220;padding-bottom: 0;&#8220;][et_pb_column type=&#8220;4_4&#8243; _builder_version=&#8220;4.4.6&#8243;][et_pb_text _builder_version=&#8220;4.4.6&#8243;]<\/p>\n<h4 class=\"h4-white\"><strong>Legal Notice<\/strong><\/h4>\n<p>[\/et_pb_text][\/et_pb_column][\/et_pb_row][et_pb_row column_structure=&#8220;1_2,1_2&#8243; _builder_version=&#8220;4.4.6&#8243; custom_css_main_element=&#8220;padding-top: 0;&#8220;][et_pb_column type=&#8220;1_2&#8243; _builder_version=&#8220;4.4.6&#8243;][et_pb_text module_class=&#8220;p-white&#8220; _builder_version=&#8220;4.4.6&#8243;]<\/p>\n<p style=\"line-height: 26px;\">Responsible for the content of this website:<\/p>\n<p style=\"line-height: 26px;\">Prof. Dr. Wolfgang V\u00f6lkl<br \/>Nussdorferstra\u00dfe 10-12, 1090 Vienna<\/p>\n<p>[\/et_pb_text][\/et_pb_column][et_pb_column type=&#8220;1_2&#8243; _builder_version=&#8220;4.4.6&#8243;][et_pb_text module_class=&#8220;p-white&#8220; _builder_version=&#8220;4.4.6&#8243;]<\/p>\n<p style=\"line-height: 26px;\"><a href=\"tel:004313177101\">Tel: +43 1 317 71 01<\/a><br \/>\n<a href=\"tel:004313171258\">Tel: +43 1 317 12 58<\/a><br \/>\nFax: +43 1 317 12 58 14<br \/>\n<a href=\"mailto:office@ra-voelkl.at\">E-Mail: office@ra-voelkl.at<\/a><\/p>\n<p>[\/et_pb_text][\/et_pb_column][\/et_pb_row][et_pb_row _builder_version=&#8220;4.4.6&#8243;][et_pb_column type=&#8220;4_4&#8243; _builder_version=&#8220;4.4.6&#8243;][et_pb_text module_class=&#8220;p-white&#8220; _builder_version=&#8220;4.4.6&#8243;]<\/p>\n<p style=\"text-align: center; line-height: 26px;\">Attorney at law under Austrian law, subject to professional rules for attorneys<br \/>(RAO, RL-BA and DSt, available at <a href=\"http:\/\/www.oerak.at\">www.oerak.at<\/a>) and the supervision of the Vienna Bar Association<\/p>\n<p>[\/et_pb_text][\/et_pb_column][\/et_pb_row][\/et_pb_section]<\/p>","protected":false},"excerpt":{"rendered":"<p>[et_pb_section fb_built=&#8220;1&#8243; fullwidth=&#8220;on&#8220; _builder_version=&#8220;4.4.6&#8243;][et_pb_fullwidth_code _builder_version=&#8220;4.4.6&#8243;] [\/et_pb_fullwidth_code][\/et_pb_section][et_pb_section fb_built=&#8220;1&#8243; _builder_version=&#8220;4.4.6&#8243;][et_pb_row column_structure=&#8220;1_2,1_2&#8243; _builder_version=&#8220;4.4.6&#8243;][et_pb_column type=&#8220;1_2&#8243; _builder_version=&#8220;4.4.6&#8243;][et_pb_text _builder_version=&#8220;4.4.6&#8243;] Nussdorferstra\u00dfe 10-12, 1090 WienTel: +43 1 317 71 01Tel: +43 1 317 12 58Fax: +43 1 317 12 58 14E-Mail: office@ra-voelkl.at [\/et_pb_text][\/et_pb_column][et_pb_column type=&#8220;1_2&#8243; _builder_version=&#8220;4.4.6&#8243;][et_pb_text _builder_version=&#8220;4.4.6&#8243;] Impressum Kontakt [\/et_pb_text][\/et_pb_column][\/et_pb_row][\/et_pb_section][et_pb_section fb_built=&#8220;1&#8243; module_id=&#8220;kanzlei&#8220; _builder_version=&#8220;4.4.6&#8243;][et_pb_row _builder_version=&#8220;4.4.6&#8243;][et_pb_column type=&#8220;4_4&#8243; _builder_version=&#8220;4.4.6&#8243;][et_pb_text _builder_version=&#8220;4.4.6&#8243;] Die Kanzlei besteht seit 1933. Wir sind [&hellip;]<\/p>","protected":false},"author":1,"featured_media":0,"parent":0,"menu_order":0,"comment_status":"closed","ping_status":"closed","template":"","meta":{"_et_pb_use_builder":"on","_et_pb_old_content":"","_et_gb_content_width":""},"_links":{"self":[{"href":"https:\/\/www.ra-voelkl.at\/en\/wp-json\/wp\/v2\/pages\/5"}],"collection":[{"href":"https:\/\/www.ra-voelkl.at\/en\/wp-json\/wp\/v2\/pages"}],"about":[{"href":"https:\/\/www.ra-voelkl.at\/en\/wp-json\/wp\/v2\/types\/page"}],"author":[{"embeddable":true,"href":"https:\/\/www.ra-voelkl.at\/en\/wp-json\/wp\/v2\/users\/1"}],"replies":[{"embeddable":true,"href":"https:\/\/www.ra-voelkl.at\/en\/wp-json\/wp\/v2\/comments?post=5"}],"version-history":[{"count":167,"href":"https:\/\/www.ra-voelkl.at\/en\/wp-json\/wp\/v2\/pages\/5\/revisions"}],"predecessor-version":[{"id":409,"href":"https:\/\/www.ra-voelkl.at\/en\/wp-json\/wp\/v2\/pages\/5\/revisions\/409"}],"wp:attachment":[{"href":"https:\/\/www.ra-voelkl.at\/en\/wp-json\/wp\/v2\/media?parent=5"}],"curies":[{"name":"wp","href":"https:\/\/api.w.org\/{rel}","templated":true}]}}